{"id":1593,"date":"2024-05-06T03:49:40","date_gmt":"2024-05-06T01:49:40","guid":{"rendered":"https:\/\/www.taxi33ncc.com\/ueber-uns\/"},"modified":"2025-12-17T17:02:31","modified_gmt":"2025-12-17T16:02:31","slug":"ueber-uns","status":"publish","type":"page","link":"https:\/\/www.taxi33ncc.com\/de\/ueber-uns\/","title":{"rendered":"\u00dcber uns"},"content":{"rendered":"\t\t<div data-elementor-type=\"wp-page\" data-elementor-id=\"1593\" class=\"elementor elementor-1593 elementor-919\">\n\t\t\t\t<div class=\"elementor-element elementor-element-4b13f1a4 e-flex e-con-boxed e-con e-parent\" data-id=\"4b13f1a4\" data-element_type=\"container\">\n\t\t\t\t\t<div class=\"e-con-inner\">\n\t\t<div class=\"elementor-element elementor-element-4f60462d e-con-full e-flex e-con e-child\" data-id=\"4f60462d\" data-element_type=\"container\">\n\t\t\t\t<div class=\"elementor-element elementor-element-75c59529 elementor-widget elementor-widget-renax-sec-title\" data-id=\"75c59529\" data-element_type=\"widget\" data-widget_type=\"renax-sec-title.default\">\n\t\t\t\t<div class=\"elementor-widget-container\">\n\t\t\t\t\t<div class=\"about text-left \">\n\t\t\t\t\t\t<div class=\"section-subtitle\">TAXI 33 Ncc<\/div>\n\t\t\t\t\t\t            <div class=\"section-title white\">F\u00fcr deine n\u00e4chste Reise <span>W\u00e4hlen Sie Professionalit\u00e4t<\/span><\/div>\n\t\t\t\t\t\t\t\t<\/div>\n\t\t\t\t<\/div>\n\t\t\t\t<\/div>\n\t\t\t\t<div class=\"elementor-element elementor-element-1c96b0e2 elementor-widget elementor-widget-text-editor\" data-id=\"1c96b0e2\" data-element_type=\"widget\" data-widget_type=\"text-editor.default\">\n\t\t\t\t<div class=\"elementor-widget-container\">\n\t\t\t\t\t\t\t<div class=\"elementor-element elementor-element-ad6125d e-con-full e-flex e-con e-child\" data-id=\"ad6125d\" data-element_type=\"container\"><div class=\"elementor-element elementor-element-ca28149 elementor-widget elementor-widget-renax-sec-title\" data-id=\"ca28149\" data-element_type=\"widget\" data-widget_type=\"renax-sec-title.default\"><div class=\"elementor-widget-container\"><div class=\"about text-left \"><p class=\"rx-lets-talk black\">Wir bieten p\u00fcnktliche, komfortable und sichere Transferdienste auf Vorbestellung, Flughafentransfers und vieles mehr! Kontaktieren Sie uns noch heute. Unser Team aus erfahrenen Fahrern mit jahrelanger Erfahrung in diesem Bereich erwartet Sie. Unser Ziel ist es, einen qualitativ hochwertigen Service zu bieten. Wir sind hochspezialisiert und kompetent. Die Zufriedenheit unserer Kunden hat f\u00fcr uns oberste Priorit\u00e4t.<\/p><\/div><\/div><\/div><\/div><div class=\"elementor-element elementor-element-cb2f351 e-con-full e-flex e-con e-child\" data-id=\"cb2f351\" data-element_type=\"container\"> <\/div><div class=\"elementor-element elementor-element-1a72592 e-con-full e-flex e-con e-child\" data-id=\"1a72592\" data-element_type=\"container\"><div class=\"elementor-element elementor-element-040650b elementor-widget elementor-widget-image\" data-id=\"040650b\" data-element_type=\"widget\" data-widget_type=\"image.default\"><div class=\"elementor-widget-container\"> <\/div><\/div><\/div>\t\t\t\t\t\t<\/div>\n\t\t\t\t<\/div>\n\t\t\t\t<div class=\"elementor-element elementor-element-61eae312 elementor-widget elementor-widget-renax-list-icon\" data-id=\"61eae312\" data-element_type=\"widget\" data-widget_type=\"renax-list-icon.default\">\n\t\t\t\t<div class=\"elementor-widget-container\">\n\t\t\t\t\t<ul class=\"list-unstyled list\">\t\n\t\t\t\t\t\t\t<li>\n                    \t\t\t\t\t<div class=\"list-icon\"> \n\t\t\t\t\t\t\t\t\t\t<span class=\"ti-check\"><\/span>\n\t\t\t\t\t\t\t\t\t\t<\/div>\n\t\t\t\t\t                    <div class=\"list-text\">\n                        <p>Reservierte Transfers ohne Stress: 15 Minuten kostenlose Wartezeit<\/p>\n                    <\/div>\n                <\/li>\n\t\t\t\t\t\t\t<li>\n                    \t\t\t\t\t<div class=\"list-icon\"> \n\t\t\t\t\t\t\t\t\t\t<span class=\"ti-check\"><\/span>\n\t\t\t\t\t\t\t\t\t\t<\/div>\n\t\t\t\t\t                    <div class=\"list-text\">\n                        <p>Flughafentransfers: 60 Minuten kostenloses Warten<\/p>\n                    <\/div>\n                <\/li>\n\t\t\t\t\t\t\t<li>\n                    \t\t\t\t\t<div class=\"list-icon\"> \n\t\t\t\t\t\t\t\t\t\t<span class=\"ti-check\"><\/span>\n\t\t\t\t\t\t\t\t\t\t<\/div>\n\t\t\t\t\t                    <div class=\"list-text\">\n                        <p>Nachttransfers auf Reservierung<\/p>\n                    <\/div>\n                <\/li>\n\t\t\t\t\t\t\t<li>\n                    \t\t\t\t\t<div class=\"list-icon\"> \n\t\t\t\t\t\t\t\t\t\t<span class=\"ti-check\"><\/span>\n\t\t\t\t\t\t\t\t\t\t<\/div>\n\t\t\t\t\t                    <div class=\"list-text\">\n                        <p>Kindersitze, sie sind f\u00fcr alle Altersgruppen verf\u00fcgbar<\/p>\n                    <\/div>\n                <\/li>\n\t\t\t\t\t\n\t\t<\/ul>\n\t\t\t\t<\/div>\n\t\t\t\t<\/div>\n\t\t\t\t<\/div>\n\t\t<div class=\"elementor-element elementor-element-7077b996 e-con-full e-flex e-con e-child\" data-id=\"7077b996\" data-element_type=\"container\">\n\t\t\t\t<\/div>\n\t\t<div class=\"elementor-element elementor-element-4cc67dbf e-con-full e-flex e-con e-child\" data-id=\"4cc67dbf\" data-element_type=\"container\">\n\t\t\t\t<div class=\"elementor-element elementor-element-5c569e55 elementor-widget elementor-widget-renax-image\" data-id=\"5c569e55\" data-element_type=\"widget\" data-widget_type=\"renax-image.default\">\n\t\t\t\t<div class=\"elementor-widget-container\">\n\t\t\t\t\t\t\t<div class=\"about \"> \r\n\t\t\t<div class=\"item  \"> \r\n\t\t\t\t<img decoding=\"async\" src=\"https:\/\/www.taxi33ncc.com\/wp-content\/uploads\/2025\/05\/t33.jpg\" class=\"img-fluid\" alt=\"\">\r\n\t\t\t\t\t\t\t\t<div class=\"curv-butn icon-bg\">\r\n\t\t\t\t\t<a href=\"https:\/\/www.taxi33ncc.com\/wp-content\/uploads\/2024\/12\/video_vettura.mp4\" class=\"vid\">\r\n\t\t\t\t\t\t<div class=\"icon\"> <i class=\"ti-control-play\"><\/i> <\/div>\r\n\t\t\t\t\t<\/a>\r\n\t\t\t\t\t<div class=\"br-left-top\">\r\n\t\t\t\t\t\t<svg viewBox=\"0 0 11 11\" fill=\"none\" xmlns=\"http:\/\/www.w3.org\/2000\/svg\" class=\"w-11 h-11\">\r\n\t\t\t\t\t\t<path d=\"M11 1.54972e-06L0 0L2.38419e-07 11C1.65973e-07 4.92487 4.92487 1.62217e-06 11 1.54972e-06Z\" fill=\"#fff\"><\/path>\r\n\t\t\t\t\t\t<\/svg>\r\n\t\t\t\t\t<\/div>\r\n\t\t\t\t\t<div class=\"br-right-bottom\">\r\n\t\t\t\t\t\t<svg viewBox=\"0 0 11 11\" fill=\"none\" xmlns=\"http:\/\/www.w3.org\/2000\/svg\" class=\"w-11 h-11\">\r\n\t\t\t\t\t\t\t<path d=\"M11 1.54972e-06L0 0L2.38419e-07 11C1.65973e-07 4.92487 4.92487 1.62217e-06 11 1.54972e-06Z\" fill=\"#fff\"><\/path>\r\n\t\t\t\t\t\t<\/svg>\r\n\t\t\t\t\t<\/div>\r\n\t\t\t\t<\/div>\r\n\t\t\t\t\t\t\t<\/div>\r\n        <\/div>\r\n\t\t\t\t\t\t<\/div>\n\t\t\t\t<\/div>\n\t\t\t\t<\/div>\n\t\t\t\t\t<\/div>\n\t\t\t\t<\/div>\n\t\t\t\t<\/div>\n\t\t","protected":false},"excerpt":{"rendered":"<p>TAXI 33 Ncc F\u00fcr deine n\u00e4chste Reise W\u00e4hlen Sie Professionalit\u00e4t Wir bieten p\u00fcnktliche, komfortable und sichere Transferdienste auf Vorbestellung, Flughafentransfers und vieles mehr! Kontaktieren Sie uns noch heute. Unser Team aus erfahrenen Fahrern mit jahrelanger Erfahrung in diesem Bereich erwartet Sie. Unser Ziel ist&#8230;<\/p>\n","protected":false},"author":1,"featured_media":0,"parent":0,"menu_order":0,"comment_status":"closed","ping_status":"closed","template":"onepage.php","meta":{"footnotes":""},"class_list":["post-1593","page","type-page","status-publish","hentry"],"_links":{"self":[{"href":"https:\/\/www.taxi33ncc.com\/de\/wp-json\/wp\/v2\/pages\/1593","targetHints":{"allow":["GET"]}}],"collection":[{"href":"https:\/\/www.taxi33ncc.com\/de\/wp-json\/wp\/v2\/pages"}],"about":[{"href":"https:\/\/www.taxi33ncc.com\/de\/wp-json\/wp\/v2\/types\/page"}],"author":[{"embeddable":true,"href":"https:\/\/www.taxi33ncc.com\/de\/wp-json\/wp\/v2\/users\/1"}],"replies":[{"embeddable":true,"href":"https:\/\/www.taxi33ncc.com\/de\/wp-json\/wp\/v2\/comments?post=1593"}],"version-history":[{"count":4,"href":"https:\/\/www.taxi33ncc.com\/de\/wp-json\/wp\/v2\/pages\/1593\/revisions"}],"predecessor-version":[{"id":1660,"href":"https:\/\/www.taxi33ncc.com\/de\/wp-json\/wp\/v2\/pages\/1593\/revisions\/1660"}],"wp:attachment":[{"href":"https:\/\/www.taxi33ncc.com\/de\/wp-json\/wp\/v2\/media?parent=1593"}],"curies":[{"name":"wp","href":"https:\/\/api.w.org\/{rel}","templated":true}]}}